{"id":7112,"date":"2020-05-20T16:39:20","date_gmt":"2020-05-20T14:39:20","guid":{"rendered":"https:\/\/lesgentilspariziens.com\/politique-de-confidentialite\/"},"modified":"2023-10-29T16:55:23","modified_gmt":"2023-10-29T15:55:23","slug":"politique-de-confidentialite","status":"publish","type":"page","link":"https:\/\/lesgentilspariziens.com\/en\/politique-de-confidentialite\/","title":{"rendered":"Mentions l\u00e9gales -Politique de confidentialit\u00e9"},"content":{"rendered":"\n<h2 class=\"wp-block-heading\">Qui sommes-nous&nbsp;?<\/h2>\n\n\n\n<p>Agence conseil Les Gentils Pariziens.<br><br>SASU au capital de 1000 \u20ac<br>RCS Paris 884625690 \u2013 SIRET 88462569000018<br>APE 7022Z \u2013 N\u00b0 TVA intracommunautaire FR53884625690<\/p>\n\n\n\n<p>L\u2019adresse de notre site Web est\u00a0: https:\/\/lesgentilspariziens.com.<\/p>\n\n\n\n<p>Directeur de publication : Stefano Venchiarutti.<\/p>\n\n\n\n<h4 class=\"wp-block-heading\">H\u00e9bergement<\/h4>\n\n\n\n<p>AXINET<br>34 avenue de l&#8217;Europe<br>Immeuble le trident A<br>38100 Grenoble<\/p>\n\n\n\n<h4 class=\"wp-block-heading\">Limitation de responsabilit\u00e9<\/h4>\n\n\n\n<p>L&#8217;agence Les Gentils Pariziens ne saurait \u00eatre tenue responsable des probl\u00e8mes rencontr\u00e9s lors de l\u2019utilisation du site.<\/p>\n\n\n\n<h2 class=\"wp-block-heading\">Utilisation des donn\u00e9es personnelles collect\u00e9es<\/h2>\n\n\n\n<h3 class=\"wp-block-heading\">Commentaires<\/h3>\n\n\n\n<p>Les commentaires sont d\u00e9sactiv\u00e9s pour ce site.<\/p>\n\n\n\n<h3 class=\"wp-block-heading\">Formulaire de contact<\/h3>\n\n\n\n<p>Aucune donn\u00e9e personnelle n\u2019est conserv\u00e9e par notre site via notre formulaire de contact.<\/p>\n\n\n\n<h3 class=\"wp-block-heading\">Cookies<\/h3>\n\n\n\n<p>Si vous vous rendez sur la page de connexion, un cookie temporaire sera cr\u00e9\u00e9 afin de d\u00e9terminer si votre navigateur accepte les cookies. Il ne contient pas de donn\u00e9es personnelles et sera supprim\u00e9 automatiquement \u00e0 la fermeture de votre navigateur.<\/p>\n\n\n\n<p>Lorsque vous vous connecterez, nous mettrons en place un certain nombre de cookies pour enregistrer vos informations de connexion et vos pr\u00e9f\u00e9rences d\u2019\u00e9cran. La dur\u00e9e de vie d\u2019un cookie de connexion est de deux jours, celle d\u2019un cookie d\u2019option d\u2019\u00e9cran est d\u2019un an. Si vous cochez \u00ab&nbsp;Se souvenir de moi&nbsp;\u00bb, votre cookie de connexion sera conserv\u00e9 pendant deux semaines. Si vous vous d\u00e9connectez de votre compte, le cookie de connexion sera effac\u00e9.<\/p>\n\n\n\n<p>En modifiant ou en publiant une publication, un cookie suppl\u00e9mentaire sera enregistr\u00e9 dans votre navigateur. Ce cookie ne comprend aucune donn\u00e9e personnelle. Il indique simplement l\u2019ID de la publication que vous venez de modifier. Il expire au bout d\u2019un jour.<\/p>\n\n\n\n<h3 class=\"wp-block-heading\">Contenu embarqu\u00e9 depuis d\u2019autres sites<\/h3>\n\n\n\n<p>Les articles de ce site peuvent inclure des contenus int\u00e9gr\u00e9s (par exemple des vid\u00e9os, images, articles\u2026). Le contenu int\u00e9gr\u00e9 depuis d\u2019autres sites se comporte de la m\u00eame mani\u00e8re que si le visiteur se rendait sur cet autre site.<\/p>\n\n\n\n<p>Ces sites web pourraient collecter des donn\u00e9es sur vous, utiliser des cookies, embarquer des outils de suivis tiers, suivre vos interactions avec ces contenus embarqu\u00e9s si vous disposez d\u2019un compte connect\u00e9 sur leur site web.<\/p>\n\n\n\n<h3 class=\"wp-block-heading\">Statistiques et mesures d\u2019audience<\/h3>\n\n\n\n<p>Les statistiques sont r\u00e9alis\u00e9es par l&#8217;analyse des logs depuis le logiciel AWStats.<\/p>\n\n\n\n<h2 class=\"wp-block-heading\">Utilisation et transmission de vos donn\u00e9es personnelles<\/h2>\n\n\n\n<h2 class=\"wp-block-heading\">Dur\u00e9es de stockage de vos donn\u00e9es<\/h2>\n\n\n\n<p>Pour les utilisateurs et utilisatrices qui s\u2019enregistrent sur notre site (si cela est possible), nous stockons \u00e9galement les donn\u00e9es personnelles indiqu\u00e9es dans leur profil. Tous les utilisateurs et utilisatrices peuvent voir, modifier ou supprimer leurs informations personnelles \u00e0 tout moment (\u00e0 l\u2019exception de leur nom d\u2019utilisateur\u00b7ice). Les gestionnaires du site peuvent aussi voir et modifier ces informations.<\/p>\n\n\n\n<h2 class=\"wp-block-heading\">Les droits que vous avez sur vos donn\u00e9es<\/h2>\n\n\n\n<p>Si vous avez un compte ou si vous avez laiss\u00e9 des commentaires sur le site, vous pouvez demander \u00e0 recevoir un fichier contenant toutes les donn\u00e9es personnelles que nous poss\u00e9dons \u00e0 votre sujet, incluant celles que vous nous avez fournies. Vous pouvez \u00e9galement demander la suppression des donn\u00e9es personnelles vous concernant. Cela ne prend pas en compte les donn\u00e9es stock\u00e9es \u00e0 des fins administratives, l\u00e9gales ou pour des raisons de s\u00e9curit\u00e9.<\/p>\n\n\n\n<h2 class=\"wp-block-heading\">Transmission de vos donn\u00e9es personnelles<\/h2>\n\n\n\n<p>Les commentaires sont d\u00e9sactiv\u00e9s sur ce site.<\/p>\n\n\n\n<h2 class=\"wp-block-heading\">Informations de contact<\/h2>\n\n\n\n<p><strong>Les Gentils PariZiens<\/strong><br>176 rue Legendre<br>75017 Paris<br><a href=\"&#x6d;&#x61;&#x69;&#x6c;&#x74;&#x6f;&#x3a;&#x69;&#110;&#102;&#111;&#64;&#108;&#101;&#115;gent&#x69;&#x6c;&#x73;&#x70;&#x61;&#x72;&#x69;&#x7a;&#x69;&#101;&#110;&#115;&#46;&#99;&#111;&#109;\">&#105;&#x6e;f&#111;&#x40;&#108;&#x65;s&#103;&#x65;n&#x74;&#x69;&#108;&#x73;p&#97;&#x72;i&#x7a;&#x69;&#101;&#x6e;s&#46;&#x63;&#111;&#x6d;<\/a><\/p>\n\n\n\n<p><\/p>\n\n\n\n<h4 class=\"wp-block-heading\">Conception et r\u00e9alisation<\/h4>\n\n\n\n<p>Patrice Grometto<strong><br><\/strong>Stefano Venchiarutti<\/p>\n\n\n\n<h4 class=\"wp-block-heading\">Copyright et droits d&#8217;auteur<\/h4>\n\n\n\n<div class=\"wp-block-group\"><div class=\"wp-block-group__inner-container is-layout-flow wp-block-group-is-layout-flow\">\n<p><\/p>\n<\/div><\/div>\n\n\n\n<p>Conform\u00e9ment aux lois r\u00e9gissant les droits de propri\u00e9t\u00e9 litt\u00e9raire et artistique ou les droits voisins, la reproduction et la repr\u00e9sentation de tout ou partie des \u00e9l\u00e9ments composant le site des Gentils PariZiens sont strictement interdites.<\/p>\n\n\n\n<p>Les photographies, textes, logos, pictogrammes, ainsi que toutes \u0153uvres int\u00e9gr\u00e9es dans le site sont la propri\u00e9t\u00e9 des Gentils PariZiens ou de tiers ayant autoris\u00e9 les Gentils PariZiens \u00e0 les utiliser.<\/p>\n\n\n\n<p>Cependant, sous r\u00e9serve d\u2019une demande pr\u00e9alable, la reproduction de certains \u00e9l\u00e9ments issus du site (copies d\u2019\u00e9cran, photos, textes, etc.) peuvent \u00eatre autoris\u00e9es \u00e0 des fins servant \u00e0 la communication de l\u2019image du site et de la soci\u00e9t\u00e9.<br>Pour faire une demande de reproduction, contactez : <a href=\"&#109;&#x61;&#x69;l&#116;&#x6f;:&#105;&#x6e;f&#111;&#x40;l&#101;&#x73;&#x67;&#101;&#x6e;&#x74;i&#108;&#x73;p&#97;&#x72;i&#122;&#x69;&#x65;&#110;&#x73;&#x2e;c&#111;&#x6d;\">&#x69;&#x6e;&#x66;&#111;&#64;le&#x73;&#x67;&#x65;&#110;&#116;il&#x73;&#x70;&#x61;&#114;&#105;zi&#x65;&#x6e;&#x73;&#46;&#99;om<\/a><\/p>\n\n\n\n<p><\/p>\n","protected":false},"excerpt":{"rendered":"<p>Qui sommes-nous&nbsp;? Agence conseil Les Gentils Pariziens. SASU au capital de 1000 \u20acRCS Paris 884625690 \u2013 SIRET 88462569000018APE 7022Z \u2013 N\u00b0 TVA intracommunautaire FR53884625690 L\u2019adresse de notre site Web est\u00a0: https:\/\/lesgentilspariziens.com. Directeur de publication : Stefano Venchiarutti. H\u00e9bergement AXINET34 avenue de l&#8217;EuropeImmeuble le trident A38100 Grenoble Limitation de responsabilit\u00e9 L&#8217;agence Les Gentils Pariziens ne saurait&hellip;<\/p>\n","protected":false},"author":1,"featured_media":0,"parent":0,"menu_order":0,"comment_status":"closed","ping_status":"closed","template":"","meta":{"_seopress_robots_primary_cat":"","_seopress_titles_title":"","_seopress_titles_desc":"","_seopress_robots_index":"","_seopress_analysis_target_kw":"","footnotes":""},"class_list":["post-7112","page","type-page","status-publish","hentry"],"_links":{"self":[{"href":"https:\/\/lesgentilspariziens.com\/en\/wp-json\/wp\/v2\/pages\/7112","targetHints":{"allow":["GET"]}}],"collection":[{"href":"https:\/\/lesgentilspariziens.com\/en\/wp-json\/wp\/v2\/pages"}],"about":[{"href":"https:\/\/lesgentilspariziens.com\/en\/wp-json\/wp\/v2\/types\/page"}],"author":[{"embeddable":true,"href":"https:\/\/lesgentilspariziens.com\/en\/wp-json\/wp\/v2\/users\/1"}],"replies":[{"embeddable":true,"href":"https:\/\/lesgentilspariziens.com\/en\/wp-json\/wp\/v2\/comments?post=7112"}],"version-history":[{"count":0,"href":"https:\/\/lesgentilspariziens.com\/en\/wp-json\/wp\/v2\/pages\/7112\/revisions"}],"wp:attachment":[{"href":"https:\/\/lesgentilspariziens.com\/en\/wp-json\/wp\/v2\/media?parent=7112"}],"curies":[{"name":"wp","href":"https:\/\/api.w.org\/{rel}","templated":true}]}}